{"id":19,"date":"2014-10-04T13:20:01","date_gmt":"2014-10-04T11:20:01","guid":{"rendered":"http:\/\/learningdrums.de\/cmsld\/?page_id=19"},"modified":"2023-05-31T07:33:13","modified_gmt":"2023-05-31T05:33:13","slug":"lehrplan","status":"publish","type":"page","link":"https:\/\/www.musik-schulsystem.de\/cmsld\/unterricht\/lehrplan\/","title":{"rendered":"Lehrplan"},"content":{"rendered":"<h1>Unser Lehrplan: Kreativit\u00e4t und Ideen im System!<\/h1>\n<h2>Vorteile von Learning ! Music :<\/h2>\n<p>Regelm\u00e4\u00dfiger konstruktiver Austausch \u00fcber die <a title=\"Permanente Verbesserung des Unterrichts\" href=\"https:\/\/www.musik-schulsystem.de\/cmsld\/wp-content\/uploads\/InterDH.pdf\" target=\"_blank\" rel=\"noopener\"><b>permanente Verbesserung<\/b><\/a> des Unterrichts.<\/p>\n<h2>Unsere\u00a0<b>Musiklehrer f\u00fcr alle Instrumente<\/b> werden von mir pers\u00f6nlich als Lehrer gecoached, auch nachdem sie schon <b>als Profis etabliert<\/b> sind.<\/h2>\n<p>Wir besprechen mit Dir alle Aspekte Deines &#8222;Karriere-Plans&#8220;.<\/p>\n<p>Wir sorgen f\u00fcr effizienten Unterricht und \u00dcbungsplanung mit meinen Erfahrungen seit 1979 und den synergetischen Effekten einer Musik-Schule <strong>mit allen Instrumenten und Tontechnik.<\/strong><\/p>\n<p>Urspr\u00fcnglich gegr\u00fcndet als reine Schlagzeug-Schule, hat dieses Instrument und Rhythmik im Allgemeinen eine besondere Bedeutung bei Learning ! Music =&gt;<\/p>\n<h2>Besonderheiten bei der Ausbildung als Schlagzeuger :<\/h2>\n<p>&nbsp;<\/p>\n<h2>In Deiner Schlagzeug-Ausbildung bist Du der Star !<\/h2>\n<p>Hierbei helfen Dir die optionale Zwischenpr\u00fcfung. Ebenso die Einteilung in \u00fcberschaubare Stufen.<\/p>\n<p>So hast Du als begeisterter Beginner, Amateur oder ambitionierter Profi immer den \u00dcberblick, und fragst Dich nicht mehr: &#8222;Was soll ich \u00fcben? Oder: &#8222;Wo stehe ich eigentlich?&#8220;<\/p>\n","protected":false},"excerpt":{"rendered":"<p>Unser Lehrplan: Kreativit\u00e4t und Ideen im System! Vorteile von Learning ! Music : Regelm\u00e4\u00dfiger konstruktiver Austausch \u00fcber die permanente Verbesserung des Unterrichts. Unsere\u00a0Musiklehrer f\u00fcr alle Instrumente werden von mir pers\u00f6nlich als Lehrer gecoached, auch nachdem sie schon als Profis etabliert &hellip; <a href=\"https:\/\/www.musik-schulsystem.de\/cmsld\/unterricht\/lehrplan\/\">Weiterlesen <span class=\"meta-nav\">&rarr;<\/span><\/a><\/p>\n","protected":false},"author":2,"featured_media":844,"parent":17,"menu_order":0,"comment_status":"closed","ping_status":"closed","template":"sidebar-page.php","meta":{"footnotes":""},"_links":{"self":[{"href":"https:\/\/www.musik-schulsystem.de\/cmsld\/wp-json\/wp\/v2\/pages\/19"}],"collection":[{"href":"https:\/\/www.musik-schulsystem.de\/cmsld\/wp-json\/wp\/v2\/pages"}],"about":[{"href":"https:\/\/www.musik-schulsystem.de\/cmsld\/wp-json\/wp\/v2\/types\/page"}],"author":[{"embeddable":true,"href":"https:\/\/www.musik-schulsystem.de\/cmsld\/wp-json\/wp\/v2\/users\/2"}],"replies":[{"embeddable":true,"href":"https:\/\/www.musik-schulsystem.de\/cmsld\/wp-json\/wp\/v2\/comments?post=19"}],"version-history":[{"count":18,"href":"https:\/\/www.musik-schulsystem.de\/cmsld\/wp-json\/wp\/v2\/pages\/19\/revisions"}],"predecessor-version":[{"id":979,"href":"https:\/\/www.musik-schulsystem.de\/cmsld\/wp-json\/wp\/v2\/pages\/19\/revisions\/979"}],"up":[{"embeddable":true,"href":"https:\/\/www.musik-schulsystem.de\/cmsld\/wp-json\/wp\/v2\/pages\/17"}],"wp:featuredmedia":[{"embeddable":true,"href":"https:\/\/www.musik-schulsystem.de\/cmsld\/wp-json\/wp\/v2\/media\/844"}],"wp:attachment":[{"href":"https:\/\/www.musik-schulsystem.de\/cmsld\/wp-json\/wp\/v2\/media?parent=19"}],"curies":[{"name":"wp","href":"https:\/\/api.w.org\/{rel}","templated":true}]}}