{"id":2,"date":"2014-10-02T13:22:06","date_gmt":"2014-10-02T13:22:06","guid":{"rendered":"http:\/\/learningdrums.de\/cmsld\/?page_id=2"},"modified":"2024-10-14T16:14:00","modified_gmt":"2024-10-14T14:14:00","slug":"beispiel-seite","status":"publish","type":"page","link":"https:\/\/www.musik-schulsystem.de\/cmsld\/","title":{"rendered":"Home"},"content":{"rendered":"<h1><img loading=\"lazy\" decoding=\"async\" class=\"alignleft wp-image-284 size-medium\" src=\"https:\/\/www.musik-schulsystem.de\/cmsld\/wp-content\/uploads\/Christian-Gerke_v4-300x200.jpg\" alt=\"Christian-Gerke_v4\" width=\"300\" height=\"200\" srcset=\"https:\/\/www.musik-schulsystem.de\/cmsld\/wp-content\/uploads\/Christian-Gerke_v4-300x200.jpg 300w, https:\/\/www.musik-schulsystem.de\/cmsld\/wp-content\/uploads\/Christian-Gerke_v4-448x300.jpg 448w, https:\/\/www.musik-schulsystem.de\/cmsld\/wp-content\/uploads\/Christian-Gerke_v4.jpg 800w\" sizes=\"(max-width: 300px) 100vw, 300px\" \/><\/h1>\n<p>Hallo und Willkommen beim<\/p>\n<p>Musik-Schulsystem<\/p>\n<p><strong>Learning ! Music<\/strong><\/p>\n<p>in L\u00fcnen und Dortmund !<\/p>\n<p>F\u00fcr Schlagzeug, Gesang, Klavier, Keyboard, Gitarre, E-Gitarre, E-Bass, &amp; Tontechnik.<\/p>\n<h2>Learning ! Music Musik-Schulsystem, das ist professioneller Musikunterricht f\u00fcr jedes Alter und jedes Level vom Anf\u00e4nger bis zum Profi.<\/h2>\n<p>Egal ob Einsteiger, Fortgeschrittener, angehender Profi oder Student<\/p>\n<p>\u2013\u00a0Von der ersten Stunde an wirst Du in Deiner Entwicklung als individueller K\u00fcnstler gef\u00f6rdert.<br \/>\nDie Learning ! Music-Dozenten und Gastdozenten sind nicht nur erfahrene Musiklehrer, sondern auch wirkliche Musiker, deren Herz der Musik geh\u00f6rt<\/p>\n<p>\u2013 das schafft Authentizit\u00e4t und erh\u00f6ht den Spa\u00dffaktor !<\/p>\n<p>Sprich mich gerne an<\/p>\n<p>Christian Gerke<\/p>\n<p><img loading=\"lazy\" decoding=\"async\" class=\"alignright size-full wp-image-297\" src=\"https:\/\/www.musik-schulsystem.de\/cmsld\/wp-content\/uploads\/unterschrift.gif\" alt=\"unterschrift\" width=\"274\" height=\"200\" \/><\/p>\n<p>&nbsp;<\/p>\n","protected":false},"excerpt":{"rendered":"<p>Hallo und Willkommen beim Musik-Schulsystem Learning ! Music in L\u00fcnen und Dortmund ! F\u00fcr Schlagzeug, Gesang, Klavier, Keyboard, Gitarre, E-Gitarre, E-Bass, &amp; Tontechnik. Learning ! Music Musik-Schulsystem, das ist professioneller Musikunterricht f\u00fcr jedes Alter und jedes Level vom Anf\u00e4nger bis &hellip; <a href=\"https:\/\/www.musik-schulsystem.de\/cmsld\/\">Weiterlesen <span class=\"meta-nav\">&rarr;<\/span><\/a><\/p>\n","protected":false},"author":2,"featured_media":4670,"parent":0,"menu_order":0,"comment_status":"closed","ping_status":"closed","template":"sidebar-page.php","meta":{"footnotes":""},"_links":{"self":[{"href":"https:\/\/www.musik-schulsystem.de\/cmsld\/wp-json\/wp\/v2\/pages\/2"}],"collection":[{"href":"https:\/\/www.musik-schulsystem.de\/cmsld\/wp-json\/wp\/v2\/pages"}],"about":[{"href":"https:\/\/www.musik-schulsystem.de\/cmsld\/wp-json\/wp\/v2\/types\/page"}],"author":[{"embeddable":true,"href":"https:\/\/www.musik-schulsystem.de\/cmsld\/wp-json\/wp\/v2\/users\/2"}],"replies":[{"embeddable":true,"href":"https:\/\/www.musik-schulsystem.de\/cmsld\/wp-json\/wp\/v2\/comments?post=2"}],"version-history":[{"count":45,"href":"https:\/\/www.musik-schulsystem.de\/cmsld\/wp-json\/wp\/v2\/pages\/2\/revisions"}],"predecessor-version":[{"id":4772,"href":"https:\/\/www.musik-schulsystem.de\/cmsld\/wp-json\/wp\/v2\/pages\/2\/revisions\/4772"}],"wp:featuredmedia":[{"embeddable":true,"href":"https:\/\/www.musik-schulsystem.de\/cmsld\/wp-json\/wp\/v2\/media\/4670"}],"wp:attachment":[{"href":"https:\/\/www.musik-schulsystem.de\/cmsld\/wp-json\/wp\/v2\/media?parent=2"}],"curies":[{"name":"wp","href":"https:\/\/api.w.org\/{rel}","templated":true}]}}