{"id":31,"date":"2014-10-04T13:21:26","date_gmt":"2014-10-04T11:21:26","guid":{"rendered":"http:\/\/learningdrums.de\/cmsld\/?page_id=31"},"modified":"2023-05-31T07:50:21","modified_gmt":"2023-05-31T05:50:21","slug":"videos","status":"publish","type":"page","link":"https:\/\/www.musik-schulsystem.de\/cmsld\/medien\/videos\/","title":{"rendered":"Video"},"content":{"rendered":"<p>Sch\u00fcler-Vorspiel 21. Juno 2014<\/p>\n<div class=\"video-container\"><iframe loading=\"lazy\" src=\"https:\/\/player.vimeo.com\/video\/124204649\" width=\"640\" height=\"360\" frameborder=\"0\" allowfullscreen=\"allowfullscreen\"><\/iframe><\/div>\n<hr \/>\n<p>20. Juno 2015: Sch\u00fcler-Vorspiel drumcover 2015<\/p>\n<p><iframe loading=\"lazy\" src=\"https:\/\/player.vimeo.com\/video\/151492662\" width=\"640\" height=\"360\" frameborder=\"0\" allowfullscreen=\"allowfullscreen\"><\/iframe><\/p>\n<p><a href=\"https:\/\/vimeo.com\/151492662\">Sch\u00fclerperformance 2015<\/a> from <a href=\"https:\/\/vimeo.com\/user39041330\">Christian Gerke<\/a> on <a href=\"https:\/\/vimeo.com\">Vimeo<\/a>.<\/p>\n<hr \/>\n<p>Drumperformance <a title=\"KopfHerzBeine.de\" href=\"http:\/\/www.KopfHerzBeine.de\" target=\"_blank\" rel=\"noopener noreferrer\">KopfHerzBeine.de<\/a>,<br \/>\n21. Januar 2014 Wolfsburg, M\u00fclheim a.d. Ruhr<\/p>\n<div class=\"video-container\"><iframe loading=\"lazy\" src=\"\/\/www.youtube.com\/embed\/j30nIrBLwOY?rel=0\" width=\"640\" height=\"360\" frameborder=\"0\" allowfullscreen=\"allowfullscreen\"><\/iframe><\/div>\n<hr \/>\n<p>21. Juno 2014: session mit Jane Franklin voc, Buck Wolters guit, Christian Gerke drums<\/p>\n<div class=\"video-container\"><iframe loading=\"lazy\" src=\"https:\/\/www.youtube.com\/embed\/j0mhc_E3ksc\" width=\"640\" height=\"360\" frameborder=\"0\" allowfullscreen=\"allowfullscreen\"><\/iframe><\/div>\n<hr \/>\n<p>Schlagzeugsolo von Learning ! Music Schulleiter Christian Gerke, K\u00f6ln Juno 2009<\/p>\n<div class=\"video-container\"><iframe loading=\"lazy\" src=\"\/\/www.youtube.com\/embed\/1gwOaKamKnE?rel=0\" width=\"640\" height=\"360\" frameborder=\"0\" allowfullscreen=\"allowfullscreen\"><\/iframe><\/div>\n<hr \/>\n<p>&#8222;FonkeyFonkey&#8220; &#8211; Aufnahmen von der 20 Jahre Learning ! Music Feier in K\u00f6ln Juni 2009<\/p>\n<div class=\"video-container\"><iframe loading=\"lazy\" src=\"\/\/www.youtube.com\/embed\/9Mby306_OMY?rel=0\" width=\"640\" height=\"360\" frameborder=\"0\" allowfullscreen=\"allowfullscreen\"><\/iframe><\/div>\n","protected":false},"excerpt":{"rendered":"<p>Sch\u00fcler-Vorspiel 21. Juno 2014 20. Juno 2015: Sch\u00fcler-Vorspiel drumcover 2015 Sch\u00fclerperformance 2015 from Christian Gerke on Vimeo. Drumperformance KopfHerzBeine.de, 21. Januar 2014 Wolfsburg, M\u00fclheim a.d. Ruhr 21. Juno 2014: session mit Jane Franklin voc, Buck Wolters guit, Christian Gerke drums &hellip; <a href=\"https:\/\/www.musik-schulsystem.de\/cmsld\/medien\/videos\/\">Weiterlesen <span class=\"meta-nav\">&rarr;<\/span><\/a><\/p>\n","protected":false},"author":2,"featured_media":953,"parent":29,"menu_order":0,"comment_status":"closed","ping_status":"closed","template":"sidebar-page.php","meta":{"footnotes":""},"_links":{"self":[{"href":"https:\/\/www.musik-schulsystem.de\/cmsld\/wp-json\/wp\/v2\/pages\/31"}],"collection":[{"href":"https:\/\/www.musik-schulsystem.de\/cmsld\/wp-json\/wp\/v2\/pages"}],"about":[{"href":"https:\/\/www.musik-schulsystem.de\/cmsld\/wp-json\/wp\/v2\/types\/page"}],"author":[{"embeddable":true,"href":"https:\/\/www.musik-schulsystem.de\/cmsld\/wp-json\/wp\/v2\/users\/2"}],"replies":[{"embeddable":true,"href":"https:\/\/www.musik-schulsystem.de\/cmsld\/wp-json\/wp\/v2\/comments?post=31"}],"version-history":[{"count":47,"href":"https:\/\/www.musik-schulsystem.de\/cmsld\/wp-json\/wp\/v2\/pages\/31\/revisions"}],"predecessor-version":[{"id":4329,"href":"https:\/\/www.musik-schulsystem.de\/cmsld\/wp-json\/wp\/v2\/pages\/31\/revisions\/4329"}],"up":[{"embeddable":true,"href":"https:\/\/www.musik-schulsystem.de\/cmsld\/wp-json\/wp\/v2\/pages\/29"}],"wp:featuredmedia":[{"embeddable":true,"href":"https:\/\/www.musik-schulsystem.de\/cmsld\/wp-json\/wp\/v2\/media\/953"}],"wp:attachment":[{"href":"https:\/\/www.musik-schulsystem.de\/cmsld\/wp-json\/wp\/v2\/media?parent=31"}],"curies":[{"name":"wp","href":"https:\/\/api.w.org\/{rel}","templated":true}]}}