{"id":37,"date":"2014-10-04T13:22:14","date_gmt":"2014-10-04T11:22:14","guid":{"rendered":"http:\/\/learningdrums.de\/cmsld\/?page_id=37"},"modified":"2025-07-09T07:55:03","modified_gmt":"2025-07-09T05:55:03","slug":"ueben","status":"publish","type":"page","link":"https:\/\/www.musik-schulsystem.de\/cmsld\/ueben\/","title":{"rendered":"\u00dcben"},"content":{"rendered":"<h1><strong>&#8222;Nachbar-Lautst\u00e4rken-Beschwerde-Problem&#8220; :<\/strong><\/h1>\n<p>An unsere Sch\u00fcler <strong>verleihen wir als Sonderservice \u201cleise\u201d \u00dcbungsschlagzeuge<\/strong> und <strong>echte Schlagzeuge<\/strong>, auch <strong>Keyboards<\/strong> &amp; <strong>Gitarren<\/strong> auf Anfrage zu einem g\u00fcnstigen Preis.<\/p>\n<p><strong>Beispiel 1 :<\/strong><\/p>\n<p><strong>Leises<\/strong> \u00dc-Set mit gelochter hihat mit bis zu <strong>80% reduzierter Lautst\u00e4rke<\/strong>: Leihgeb\u00fchr pro Monat : 10.- Euro<\/p>\n<p><img loading=\"lazy\" decoding=\"async\" class=\"alignleft size-medium wp-image-5091\" src=\"https:\/\/www.musik-schulsystem.de\/cmsld\/wp-content\/uploads\/Ue-Set-Magnum-2025_blaue-hihat-300x225.jpg\" alt=\"\" width=\"300\" height=\"225\" srcset=\"https:\/\/www.musik-schulsystem.de\/cmsld\/wp-content\/uploads\/Ue-Set-Magnum-2025_blaue-hihat-300x225.jpg 300w, https:\/\/www.musik-schulsystem.de\/cmsld\/wp-content\/uploads\/Ue-Set-Magnum-2025_blaue-hihat-1024x768.jpg 1024w, https:\/\/www.musik-schulsystem.de\/cmsld\/wp-content\/uploads\/Ue-Set-Magnum-2025_blaue-hihat-768x576.jpg 768w, https:\/\/www.musik-schulsystem.de\/cmsld\/wp-content\/uploads\/Ue-Set-Magnum-2025_blaue-hihat-1536x1152.jpg 1536w, https:\/\/www.musik-schulsystem.de\/cmsld\/wp-content\/uploads\/Ue-Set-Magnum-2025_blaue-hihat-2048x1536.jpg 2048w, https:\/\/www.musik-schulsystem.de\/cmsld\/wp-content\/uploads\/Ue-Set-Magnum-2025_blaue-hihat-384x288.jpg 384w\" sizes=\"(max-width: 300px) 100vw, 300px\" \/><\/p>\n<p>Die Musik-Instrumenten-Industrie bietet mittlerweile viele verschiedene und <strong>g\u00fcnstige L\u00f6sungen<\/strong> an:<b><br \/>\n<\/b><\/p>\n<ol>\n<li>f\u00fcr das echte Schlagzeug: <strong>Gummipads zum D\u00e4mpfen f\u00fcr Trommeln &amp; Becken in allen Gr\u00f6\u00dfen<\/strong>. &#8211; So ein Gummi-Pad-Set f\u00fcr alle Trommeln und Becken kostet aktuell etwa 90.- Euro<\/li>\n<li><strong>gewebte Aluminium-Felle<\/strong>, <strong>&#8222;meshheads&#8220;<\/strong>, die kaum Ger\u00e4usche machen, aber dennoch echtes Spielgef\u00fchl vermitteln.<\/li>\n<\/ol>\n<hr \/>\n<p><em><a href=\"http:\/\/www.musik-schulsystem.de\/cmsld\/wp-content\/uploads\/edrumset-mit-Kind.jpg\"><img loading=\"lazy\" decoding=\"async\" class=\"alignleft size-medium wp-image-301\" src=\"http:\/\/www.musik-schulsystem.de\/cmsld\/wp-content\/uploads\/edrumset-mit-Kind-300x201.jpg\" alt=\"edrumset-mit-Kind\" width=\"300\" height=\"201\" srcset=\"https:\/\/www.musik-schulsystem.de\/cmsld\/wp-content\/uploads\/edrumset-mit-Kind-300x201.jpg 300w, https:\/\/www.musik-schulsystem.de\/cmsld\/wp-content\/uploads\/edrumset-mit-Kind-446x300.jpg 446w, https:\/\/www.musik-schulsystem.de\/cmsld\/wp-content\/uploads\/edrumset-mit-Kind.jpg 800w\" sizes=\"(max-width: 300px) 100vw, 300px\" \/><\/a><strong>Beispiel 2:<\/strong> <\/em><\/p>\n<p><em><strong>Elektro-Schlagzeug<\/strong> in einer <strong>Miets-Wohnung<\/strong> in einem <strong>Hochhaus<\/strong>.<\/em><\/p>\n","protected":false},"excerpt":{"rendered":"<p>&#8222;Nachbar-Lautst\u00e4rken-Beschwerde-Problem&#8220; : An unsere Sch\u00fcler verleihen wir als Sonderservice \u201cleise\u201d \u00dcbungsschlagzeuge und echte Schlagzeuge, auch Keyboards &amp; Gitarren auf Anfrage zu einem g\u00fcnstigen Preis. Beispiel 1 : Leises \u00dc-Set mit gelochter hihat mit bis zu 80% reduzierter Lautst\u00e4rke: Leihgeb\u00fchr pro &hellip; <a href=\"https:\/\/www.musik-schulsystem.de\/cmsld\/ueben\/\">Weiterlesen <span class=\"meta-nav\">&rarr;<\/span><\/a><\/p>\n","protected":false},"author":2,"featured_media":0,"parent":0,"menu_order":0,"comment_status":"closed","ping_status":"closed","template":"sidebar-page.php","meta":{"footnotes":""},"_links":{"self":[{"href":"https:\/\/www.musik-schulsystem.de\/cmsld\/wp-json\/wp\/v2\/pages\/37"}],"collection":[{"href":"https:\/\/www.musik-schulsystem.de\/cmsld\/wp-json\/wp\/v2\/pages"}],"about":[{"href":"https:\/\/www.musik-schulsystem.de\/cmsld\/wp-json\/wp\/v2\/types\/page"}],"author":[{"embeddable":true,"href":"https:\/\/www.musik-schulsystem.de\/cmsld\/wp-json\/wp\/v2\/users\/2"}],"replies":[{"embeddable":true,"href":"https:\/\/www.musik-schulsystem.de\/cmsld\/wp-json\/wp\/v2\/comments?post=37"}],"version-history":[{"count":29,"href":"https:\/\/www.musik-schulsystem.de\/cmsld\/wp-json\/wp\/v2\/pages\/37\/revisions"}],"predecessor-version":[{"id":5093,"href":"https:\/\/www.musik-schulsystem.de\/cmsld\/wp-json\/wp\/v2\/pages\/37\/revisions\/5093"}],"wp:attachment":[{"href":"https:\/\/www.musik-schulsystem.de\/cmsld\/wp-json\/wp\/v2\/media?parent=37"}],"curies":[{"name":"wp","href":"https:\/\/api.w.org\/{rel}","templated":true}]}}