{"id":39,"date":"2014-10-04T13:22:28","date_gmt":"2014-10-04T11:22:28","guid":{"rendered":"http:\/\/learningdrums.de\/cmsld\/?page_id=39"},"modified":"2023-05-31T08:05:52","modified_gmt":"2023-05-31T06:05:52","slug":"schallschutz","status":"publish","type":"page","link":"https:\/\/www.musik-schulsystem.de\/cmsld\/ueben\/schallschutz\/","title":{"rendered":"Schallschutz"},"content":{"rendered":"<h1>Schallschutzpodest<\/h1>\n<h2>Bauanleitung f\u00fcr ein Podest f\u00fcr \u00dcbungssets und E-Drums<\/h2>\n<p><img loading=\"lazy\" decoding=\"async\" class=\"alignleft size-full wp-image-203\" src=\"https:\/\/www.musik-schulsystem.de\/cmsld\/wp-content\/uploads\/ueben_podest_1.jpg\" alt=\"ueben_podest_1\" width=\"163\" height=\"109\" \/>Das Werkzeug: Bitte nicht tackern oder nageln ! Sonst gibt es Schall-Br\u00fccken. Man braucht: Kunststoff-Kontakt-Kleber und Holzleim.<\/p>\n<p>&nbsp;<\/p>\n<p><img loading=\"lazy\" decoding=\"async\" class=\"alignleft size-full wp-image-204\" src=\"https:\/\/www.musik-schulsystem.de\/cmsld\/wp-content\/uploads\/ueben_podest_2.jpg\" alt=\"ueben_podest_2\" width=\"163\" height=\"109\" \/>2 x Spanplatte 19 mm kreuzverleimen. Mitteldichten Schaumstoff vollfl\u00e4chig auf Platten kleben. Kunststoff-Kontakt-Kleber bitte nur punktuell.<\/p>\n<p>&nbsp;<\/p>\n<p><img loading=\"lazy\" decoding=\"async\" class=\"alignleft size-full wp-image-205\" src=\"https:\/\/www.musik-schulsystem.de\/cmsld\/wp-content\/uploads\/ueben_podest_3.jpg\" alt=\"ueben_podest_3\" width=\"163\" height=\"109\" \/>Mehrere Teppichschichten aufkleben, damit kein Schall der bassdrum durch die Spanplatten &#8222;kriecht&#8220;. (K\u00f6rper-Schall) Den Teppich einfach nur auflegen reicht auch. Spartip: Restm\u00fcllhalden gro\u00dffl\u00e4chig anfahren und suchen, denn Schaumstoff ist teuer !<\/p>\n<h2><\/h2>\n<h2>Viel Erfolg und Spa\u00df beim Basteln!<\/h2>\n","protected":false},"excerpt":{"rendered":"<p>Schallschutzpodest Bauanleitung f\u00fcr ein Podest f\u00fcr \u00dcbungssets und E-Drums Das Werkzeug: Bitte nicht tackern oder nageln ! Sonst gibt es Schall-Br\u00fccken. Man braucht: Kunststoff-Kontakt-Kleber und Holzleim. &nbsp; 2 x Spanplatte 19 mm kreuzverleimen. Mitteldichten Schaumstoff vollfl\u00e4chig auf Platten kleben. Kunststoff-Kontakt-Kleber &hellip; <a href=\"https:\/\/www.musik-schulsystem.de\/cmsld\/ueben\/schallschutz\/\">Weiterlesen <span class=\"meta-nav\">&rarr;<\/span><\/a><\/p>\n","protected":false},"author":2,"featured_media":0,"parent":37,"menu_order":0,"comment_status":"closed","ping_status":"closed","template":"sidebar-page.php","meta":{"footnotes":""},"_links":{"self":[{"href":"https:\/\/www.musik-schulsystem.de\/cmsld\/wp-json\/wp\/v2\/pages\/39"}],"collection":[{"href":"https:\/\/www.musik-schulsystem.de\/cmsld\/wp-json\/wp\/v2\/pages"}],"about":[{"href":"https:\/\/www.musik-schulsystem.de\/cmsld\/wp-json\/wp\/v2\/types\/page"}],"author":[{"embeddable":true,"href":"https:\/\/www.musik-schulsystem.de\/cmsld\/wp-json\/wp\/v2\/users\/2"}],"replies":[{"embeddable":true,"href":"https:\/\/www.musik-schulsystem.de\/cmsld\/wp-json\/wp\/v2\/comments?post=39"}],"version-history":[{"count":13,"href":"https:\/\/www.musik-schulsystem.de\/cmsld\/wp-json\/wp\/v2\/pages\/39\/revisions"}],"predecessor-version":[{"id":4334,"href":"https:\/\/www.musik-schulsystem.de\/cmsld\/wp-json\/wp\/v2\/pages\/39\/revisions\/4334"}],"up":[{"embeddable":true,"href":"https:\/\/www.musik-schulsystem.de\/cmsld\/wp-json\/wp\/v2\/pages\/37"}],"wp:attachment":[{"href":"https:\/\/www.musik-schulsystem.de\/cmsld\/wp-json\/wp\/v2\/media?parent=39"}],"curies":[{"name":"wp","href":"https:\/\/api.w.org\/{rel}","templated":true}]}}