{"id":43,"date":"2014-10-04T13:23:13","date_gmt":"2014-10-04T11:23:13","guid":{"rendered":"http:\/\/learningdrums.de\/cmsld\/?page_id=43"},"modified":"2024-12-18T12:46:52","modified_gmt":"2024-12-18T10:46:52","slug":"cds","status":"publish","type":"page","link":"https:\/\/www.musik-schulsystem.de\/cmsld\/shop\/cds\/","title":{"rendered":"Audio"},"content":{"rendered":"<h2>1.) Microtiming-Trainings-Programm<\/h2>\n<p>&#8211; f\u00fcr alle Instrumente\u00a0 &#8211; Einfach microtiming &amp; click trainieren !<\/p>\n<h2>2.) Schlagzeug &#8211; Playbacks<\/h2>\n<p>\u201ethe early tapes\u201c inkl. Noten als pdf !<\/p>\n<p><b><img loading=\"lazy\" decoding=\"async\" class=\"alignleft wp-image-272 size-medium\" src=\"https:\/\/www.musik-schulsystem.de\/cmsld\/wp-content\/uploads\/playbacks_early-tapes-223x300.jpg\" alt=\"playbacks_early-tapes\" width=\"223\" height=\"300\" srcset=\"https:\/\/www.musik-schulsystem.de\/cmsld\/wp-content\/uploads\/playbacks_early-tapes-223x300.jpg 223w, https:\/\/www.musik-schulsystem.de\/cmsld\/wp-content\/uploads\/playbacks_early-tapes.jpg 325w\" sizes=\"(max-width: 223px) 100vw, 223px\" \/>Schlagzeug-Playbacks: <\/b><strong>\u201ethe early tapes\u201c<\/strong><br \/>\nSechs songs mit 6 unterschiedlichen Stilen. ethno-fun-punk, halftime-shuffle, Mambo-Funk, Medium Swing inkl. 6\/2 Solos, Funk-Pop, Traditional boogie woogie. Alle Songs ohne Schlagzeug in 2 Tempoabstufungen =&gt; einfacher Einstieg. Click: kleine Kuhglocke mit Hallfahne zur besseren Ortung.\u00a0Noten der einfachen Kategorie vorab kostenlos <a title=\"Noten Download\" href=\"https:\/\/www.musik-schulsystem.de\/cmsld\/medien\/downloads\/\">hier<\/a> erh\u00e4ltlich.<br \/>\n<strong>Playback-CD inkl. USB-Stick: EUR 21.-<br \/>\n<\/strong>(zzgl. 3\u20ac Versandkosten)<\/p>\n<p>&nbsp;<\/p>\n<p><strong><img loading=\"lazy\" decoding=\"async\" class=\"alignleft size-medium wp-image-4856\" src=\"https:\/\/www.musik-schulsystem.de\/cmsld\/wp-content\/uploads\/Metronom-Internet-Seite-224x300.jpg\" alt=\"\" width=\"224\" height=\"300\" srcset=\"https:\/\/www.musik-schulsystem.de\/cmsld\/wp-content\/uploads\/Metronom-Internet-Seite-224x300.jpg 224w, https:\/\/www.musik-schulsystem.de\/cmsld\/wp-content\/uploads\/Metronom-Internet-Seite-215x288.jpg 215w, https:\/\/www.musik-schulsystem.de\/cmsld\/wp-content\/uploads\/Metronom-Internet-Seite.jpg 709w\" sizes=\"(max-width: 224px) 100vw, 224px\" \/>microtiming-\u00dcbungsprogramm f\u00fcr Fortgeschrittene<br \/>\n<\/strong>Einfacher trainieren, besonders bei langweiligen Technik-\u00dcbungen, aber auch bei groove-\u00dcbungen, bei denen es auf perfektes microtiming ankommt. Ein wiederverwendbarer USB-Stick mit 2 Ordnern mit jeweils bin\u00e4rer \/ tern\u00e4rer Unterteilung. Click: Kleine Kuhglocke mit Hallfahne zur besseren Ortung, subdivisions: hihat. 18 verschiedene tempi \u00e1 3,50 Min. in harmonischen Tempoabstufungen. Dateien wurden f\u00fcr angenehmen, stundenlangen Kopfh\u00f6rer-Betrieb gemixt. Warum? Stundenlanges \u00dcben mit &#8222;normalen&#8220; Metronomen ist wegen der &#8222;fiepp&#8220; oder &#8222;knack&#8220;-sounds meist unangenehm. Qualit\u00e4t: Rhythmische Toleranz der beiden Sounds: plus \/ minus 1 Millisekunde.<br \/>\n<strong>2 Ordner mit jeweils 18 Dateien auf USB-Stick : EUR 24.-<br \/>\n<\/strong>(zzgl. 3\u20ac Versandkosten)<\/p>\n<p>&#8211; Achtung: Ersetzt nicht das &#8222;normale&#8220; Metronom f\u00fcr die Band-Arbeit !<\/p>\n<p>&#8211; Der Verkauf unserer Produkte erfolgt nach pers\u00f6nlichem Beratungsgespr\u00e4ch und Vorkasse. Vielen Dank f\u00fcr Dein Verst\u00e4ndnis. 0152 0737 6130<\/p>\n<p>&#8211; Bei Auslieferung von CD\u00b4s werden Dateien auch mit USB-Stick geliefert !<\/p>\n","protected":false},"excerpt":{"rendered":"<p>1.) Microtiming-Trainings-Programm &#8211; f\u00fcr alle Instrumente\u00a0 &#8211; Einfach microtiming &amp; click trainieren ! 2.) Schlagzeug &#8211; Playbacks \u201ethe early tapes\u201c inkl. Noten als pdf ! Schlagzeug-Playbacks: \u201ethe early tapes\u201c Sechs songs mit 6 unterschiedlichen Stilen. ethno-fun-punk, halftime-shuffle, Mambo-Funk, Medium Swing &hellip; <a href=\"https:\/\/www.musik-schulsystem.de\/cmsld\/shop\/cds\/\">Weiterlesen <span class=\"meta-nav\">&rarr;<\/span><\/a><\/p>\n","protected":false},"author":2,"featured_media":953,"parent":41,"menu_order":0,"comment_status":"closed","ping_status":"closed","template":"sidebar-page.php","meta":{"footnotes":""},"_links":{"self":[{"href":"https:\/\/www.musik-schulsystem.de\/cmsld\/wp-json\/wp\/v2\/pages\/43"}],"collection":[{"href":"https:\/\/www.musik-schulsystem.de\/cmsld\/wp-json\/wp\/v2\/pages"}],"about":[{"href":"https:\/\/www.musik-schulsystem.de\/cmsld\/wp-json\/wp\/v2\/types\/page"}],"author":[{"embeddable":true,"href":"https:\/\/www.musik-schulsystem.de\/cmsld\/wp-json\/wp\/v2\/users\/2"}],"replies":[{"embeddable":true,"href":"https:\/\/www.musik-schulsystem.de\/cmsld\/wp-json\/wp\/v2\/comments?post=43"}],"version-history":[{"count":11,"href":"https:\/\/www.musik-schulsystem.de\/cmsld\/wp-json\/wp\/v2\/pages\/43\/revisions"}],"predecessor-version":[{"id":4857,"href":"https:\/\/www.musik-schulsystem.de\/cmsld\/wp-json\/wp\/v2\/pages\/43\/revisions\/4857"}],"up":[{"embeddable":true,"href":"https:\/\/www.musik-schulsystem.de\/cmsld\/wp-json\/wp\/v2\/pages\/41"}],"wp:featuredmedia":[{"embeddable":true,"href":"https:\/\/www.musik-schulsystem.de\/cmsld\/wp-json\/wp\/v2\/media\/953"}],"wp:attachment":[{"href":"https:\/\/www.musik-schulsystem.de\/cmsld\/wp-json\/wp\/v2\/media?parent=43"}],"curies":[{"name":"wp","href":"https:\/\/api.w.org\/{rel}","templated":true}]}}