{"id":50,"date":"2014-10-04T13:24:28","date_gmt":"2014-10-04T11:24:28","guid":{"rendered":"http:\/\/learningdrums.de\/cmsld\/?page_id=50"},"modified":"2024-03-04T08:54:12","modified_gmt":"2024-03-04T06:54:12","slug":"gutschein","status":"publish","type":"page","link":"https:\/\/www.musik-schulsystem.de\/cmsld\/shop\/gutschein\/","title":{"rendered":"Gutschein"},"content":{"rendered":"<h1>Geschenk-Gutschein:\u00a0<strong>Unterricht als Geschenk!<\/strong><\/h1>\n<p><img loading=\"lazy\" decoding=\"async\" class=\"alignleft wp-image-375 size-medium\" src=\"https:\/\/www.musik-schulsystem.de\/cmsld\/wp-content\/uploads\/gutscheine-300x273.jpg\" alt=\"gutscheine\" width=\"300\" height=\"273\" srcset=\"https:\/\/www.musik-schulsystem.de\/cmsld\/wp-content\/uploads\/gutscheine-300x273.jpg 300w, https:\/\/www.musik-schulsystem.de\/cmsld\/wp-content\/uploads\/gutscheine-1024x933.jpg 1024w, https:\/\/www.musik-schulsystem.de\/cmsld\/wp-content\/uploads\/gutscheine-329x300.jpg 329w, https:\/\/www.musik-schulsystem.de\/cmsld\/wp-content\/uploads\/gutscheine.jpg 1264w\" sizes=\"(max-width: 300px) 100vw, 300px\" \/>Selbstverst\u00e4ndlich k\u00f6nnen Sie unseren Unterricht auch verschenken: Z.B.: Eine Orientierungsstunde, insbesondere f\u00fcr Anf\u00e4nger.<\/p>\n<p>Oder 10 Einheiten Unterricht mit oder ohne Leih-Instrument, gewisserma\u00dfen ein Schnupper-Kurs.<\/p>\n<p>Da dies ein kleines Wagnis bedeutet, sprechen Sie bitte mit Ihrem Umfeld und mit mir das Geschenk ab.<\/p>\n<p>&nbsp;<\/p>\n<p>Ich w\u00fcrde mich freuen!<\/p>\n<p>Christian Gerke, Schulleiter<br \/>\n<img loading=\"lazy\" decoding=\"async\" class=\"alignleft size-full wp-image-297\" src=\"https:\/\/www.musik-schulsystem.de\/cmsld\/wp-content\/uploads\/unterschrift.gif\" alt=\"unterschrift\" width=\"274\" height=\"200\" \/><\/p>\n","protected":false},"excerpt":{"rendered":"<p>Geschenk-Gutschein:\u00a0Unterricht als Geschenk! Selbstverst\u00e4ndlich k\u00f6nnen Sie unseren Unterricht auch verschenken: Z.B.: Eine Orientierungsstunde, insbesondere f\u00fcr Anf\u00e4nger. Oder 10 Einheiten Unterricht mit oder ohne Leih-Instrument, gewisserma\u00dfen ein Schnupper-Kurs. Da dies ein kleines Wagnis bedeutet, sprechen Sie bitte mit Ihrem Umfeld und &hellip; <a href=\"https:\/\/www.musik-schulsystem.de\/cmsld\/shop\/gutschein\/\">Weiterlesen <span class=\"meta-nav\">&rarr;<\/span><\/a><\/p>\n","protected":false},"author":2,"featured_media":0,"parent":41,"menu_order":0,"comment_status":"closed","ping_status":"closed","template":"sidebar-page.php","meta":{"footnotes":""},"_links":{"self":[{"href":"https:\/\/www.musik-schulsystem.de\/cmsld\/wp-json\/wp\/v2\/pages\/50"}],"collection":[{"href":"https:\/\/www.musik-schulsystem.de\/cmsld\/wp-json\/wp\/v2\/pages"}],"about":[{"href":"https:\/\/www.musik-schulsystem.de\/cmsld\/wp-json\/wp\/v2\/types\/page"}],"author":[{"embeddable":true,"href":"https:\/\/www.musik-schulsystem.de\/cmsld\/wp-json\/wp\/v2\/users\/2"}],"replies":[{"embeddable":true,"href":"https:\/\/www.musik-schulsystem.de\/cmsld\/wp-json\/wp\/v2\/comments?post=50"}],"version-history":[{"count":18,"href":"https:\/\/www.musik-schulsystem.de\/cmsld\/wp-json\/wp\/v2\/pages\/50\/revisions"}],"predecessor-version":[{"id":4502,"href":"https:\/\/www.musik-schulsystem.de\/cmsld\/wp-json\/wp\/v2\/pages\/50\/revisions\/4502"}],"up":[{"embeddable":true,"href":"https:\/\/www.musik-schulsystem.de\/cmsld\/wp-json\/wp\/v2\/pages\/41"}],"wp:attachment":[{"href":"https:\/\/www.musik-schulsystem.de\/cmsld\/wp-json\/wp\/v2\/media?parent=50"}],"curies":[{"name":"wp","href":"https:\/\/api.w.org\/{rel}","templated":true}]}}